{"id":1796,"date":"2022-09-01T14:12:09","date_gmt":"2022-09-01T12:12:09","guid":{"rendered":"https:\/\/split.muzejiluzija.com\/exhibits\/"},"modified":"2024-03-26T16:44:35","modified_gmt":"2024-03-26T14:44:35","slug":"exhibits","status":"publish","type":"page","link":"https:\/\/split.muzejiluzija.com\/en\/exhibits\/","title":{"rendered":"Exhibits"},"content":{"rendered":"\n  <div class=\"top-bar show  \">\n    <div class=\"top-bar__item\"><p><strong><span class=\"ui-provider a b c d e f g h i j k l m n o p q r s t u v w x y z ab ac ae af ag ah ai aj ak\" dir=\"ltr\">Enter into the fascinating world of illusions!<\/span><\/strong><\/p>\n<\/div>\n    <div class=\"top-bar__item\"><p><strong><span class=\"ui-provider a b c d e f g h i j k l m n o p q r s t u v w x y z ab ac ae af ag ah ai aj ak\" dir=\"ltr\">Enter into the fascinating world of illusions!<\/span><\/strong><\/p>\n<\/div>\n    <div class=\"top-bar__item\"><p><strong><span class=\"ui-provider a b c d e f g h i j k l m n o p q r s t u v w x y z ab ac ae af ag ah ai aj ak\" dir=\"ltr\">Enter into the fascinating world of illusions!<\/span><\/strong><\/p>\n<\/div>\n    <div class=\"top-bar__item\"><p><strong><span class=\"ui-provider a b c d e f g h i j k l m n o p q r s t u v w x y z ab ac ae af ag ah ai aj ak\" dir=\"ltr\">Enter into the fascinating world of illusions!<\/span><\/strong><\/p>\n<\/div>\n    <div class=\"top-bar__item\"><p><strong><span class=\"ui-provider a b c d e f g h i j k l m n o p q r s t u v w x y z ab ac ae af ag ah ai aj ak\" dir=\"ltr\">Enter into the fascinating world of illusions!<\/span><\/strong><\/p>\n<\/div>\n    <div class=\"top-bar__item\"><p><strong><span class=\"ui-provider a b c d e f g h i j k l m n o p q r s t u v w x y z ab ac ae af ag ah ai aj ak\" dir=\"ltr\">Enter into the fascinating world of illusions!<\/span><\/strong><\/p>\n<\/div>\n  <\/div>\n\n<header id=\"navigation\" class=\"navigation  tb show\">\n\n  \n<div class=\"nav-bar c header--transparent desktop\">\n\n  <div class=\"nav-bar__left\">\n    <a href=\"https:\/\/split.muzejiluzija.com\/en\/\" aria-label=\"Museum of Illusions Split\" data-home=\"true\" class=\"logo js-close-menu\">\n      <img loading=\"lazy\" decoding=\"async\" src=\"https:\/\/split.muzejiluzija.com\/wp-content\/uploads\/2024\/05\/Vector-1.png\" rel=\"preload\" width=\"1\" height=\"1\" alt=\"vector\" title=\"\">\n    <\/a>\n\n    <div class=\"show desktop\">\n          <nav class=\"mega-menu\" >\n      <ul>\n        \n<li >\n      <a href=\"https:\/\/split.muzejiluzija.com\/eksponati\/\" \n                  aria-label=\"Eksponati\">\n              <span>Eksponati<\/span>\n    <\/a>\n  \n  \n<\/li>\n<li >\n      <a href=\"https:\/\/split.muzejiluzija.com\/grupne-posjete\/\" \n                  aria-label=\"Grupne posjete\">\n              <span>Grupne posjete<\/span>\n    <\/a>\n  \n  \n<\/li>\n<li >\n      <a href=\"https:\/\/split.muzejiluzija.com\/eventi\/\" \n                  aria-label=\"Eventi\">\n              <span>Eventi<\/span>\n    <\/a>\n  \n  \n<\/li>      <\/ul>\n    <\/nav>\n      <\/div>\n    <div class=\"show\">\n\n              <div class=\"submenu desktop\">\n          <button class=\"submenu__trigger js-submenu-trigger\" aria-expanded=\"false\" aria-controls=\"submenu-nav\" aria-haspopup=\"true\">\n            <svg class=\"icon\" xmlns=\"http:\/\/www.w3.org\/2000\/svg\" fill=\"none\" viewBox=\"0 0 17 3\">\n  <circle class=\"c1\" cx=\"1.5\" cy=\"1.5\" r=\"1.5\" fill=\"#fff\"\/>\n  <circle class=\"c2\" cx=\"8.5\" cy=\"1.5\" r=\"1.5\" fill=\"#fff\"\/>\n  <circle class=\"c3\" cx=\"15.5\" cy=\"1.5\" r=\"1.5\" fill=\"#fff\"\/>\n<\/svg>\n          <\/button>\n\n              <nav class=\"\" >\n      <ul>\n        \n<li >\n      <a href=\"https:\/\/split.muzejiluzija.com\/o-nama\/\" \n                  aria-label=\"O nama\">\n              <span>O nama<\/span>\n    <\/a>\n  \n  \n<\/li>      <\/ul>\n    <\/nav>\n  \n        <\/div>\n          <\/div>\n  <\/div>\n\n  <div class=\"nav-bar__right show\">\n    <div class=\"cta-menu  \">\n          <nav class=\"cta-menu\" >\n      <ul>\n        \n<li >\n      <a href=\"https:\/\/split.muzejiluzija.com\/kontakt\/\" \n                  aria-label=\"Kontakt\">\n              <span>Kontakt<\/span>\n    <\/a>\n  \n  \n<\/li>\n<li >\n      <a href=\"https:\/\/split.muzejiluzija.com\/kupi-karte\/\" \n                  aria-label=\"Kupi karte\">\n              <span>Kupi karte<\/span>\n    <\/a>\n  \n  \n<\/li>      <\/ul>\n    <\/nav>\n                  <\/div>\n\n          <button class=\"lang js-lang-trigger\" aria-expanded=\"false\" aria-controls=\"submenu-nav\" aria-haspopup=\"true\">\n        \n<div class=\"wpml-ls-statics-shortcode_actions wpml-ls wpml-ls-legacy-list-horizontal\">\n\t<ul><li class=\"wpml-ls-slot-shortcode_actions wpml-ls-item wpml-ls-item-hr wpml-ls-first-item wpml-ls-item-legacy-list-horizontal\">\n\t\t\t\t<a href=\"https:\/\/split.muzejiluzija.com\/\" class=\"wpml-ls-link\">\n                    <span class=\"wpml-ls-native\" lang=\"hr\">HR<\/span><\/a>\n\t\t\t<\/li><li class=\"wpml-ls-slot-shortcode_actions wpml-ls-item wpml-ls-item-en wpml-ls-current-language wpml-ls-last-item wpml-ls-item-legacy-list-horizontal\">\n\t\t\t\t<a href=\"https:\/\/split.muzejiluzija.com\/en\/\" class=\"wpml-ls-link\">\n                    <span class=\"wpml-ls-native\">EN<\/span><\/a>\n\t\t\t<\/li><\/ul>\n<\/div>\n        <svg class=\"icon\" fill=\"none\" xmlns=\"http:\/\/www.w3.org\/2000\/svg\" viewBox=\"0 0 17 10\">\n  <path opacity=\".9\" d=\"m16 1.167-7.5 7.5-7.5-7.5\" stroke=\"#fff\" stroke-width=\"1.667\"\/>\n<\/svg>      <\/button>\n        <button type=\"button\" aria-label=\"Menu\" class=\"hamburger js-menu-trigger\" data-cursor=\"hamburger\">\n  <div class=\"hamburger__inner\">\n    <span class=\"line line--1\"><\/span>\n    <span class=\"line line--2\"><\/span>\n    <span class=\"line line--3\"><\/span>\n  <\/div>\n<\/button>\n  <\/div>\n<\/div>\n<div class=\"nav-menu\" style=\"opacity:0;visibility:hidden;\">\n  <div class=\"c\">\n    <div class=\"cta-menu  \">\n                      <nav class=\"cta-menu\" >\n      <ul>\n        \n<li >\n      <a href=\"https:\/\/split.muzejiluzija.com\/kontakt\/\" \n                  aria-label=\"Kontakt\">\n              <span>Kontakt<\/span>\n    <\/a>\n  \n  \n<\/li>\n<li >\n      <a href=\"https:\/\/split.muzejiluzija.com\/kupi-karte\/\" \n                  aria-label=\"Kupi karte\">\n              <span>Kupi karte<\/span>\n    <\/a>\n  \n  \n<\/li>      <\/ul>\n    <\/nav>\n      <\/div>\n\n        <nav class=\"main-menu\" >\n      <ul>\n        \n<li >\n      <a href=\"https:\/\/split.muzejiluzija.com\/eksponati\/\" \n      class=\"js-close-menu\"            aria-label=\"Eksponati\">\n              <span>Eksponati<\/span>\n    <\/a>\n  \n  \n<\/li>\n<li >\n      <a href=\"https:\/\/split.muzejiluzija.com\/grupne-posjete\/\" \n      class=\"js-close-menu\"            aria-label=\"Grupne posjete\">\n              <span>Grupne posjete<\/span>\n    <\/a>\n  \n  \n<\/li>\n<li >\n      <a href=\"https:\/\/split.muzejiluzija.com\/eventi\/\" \n      class=\"js-close-menu\"            aria-label=\"Eventi\">\n              <span>Eventi<\/span>\n    <\/a>\n  \n  \n<\/li>      <\/ul>\n    <\/nav>\n  \n\n        <nav class=\"sub-menu\" >\n      <ul>\n        \n<li >\n      <a href=\"https:\/\/split.muzejiluzija.com\/o-nama\/\" \n      class=\"js-close-menu\"            aria-label=\"O nama\">\n              <span>O nama<\/span>\n    <\/a>\n  \n  \n<\/li>      <\/ul>\n    <\/nav>\n  \n  <\/div>\n<\/div>\n\n<\/header>\n\n\n<section class=\"hero other \">\n      <div class=\"c\">\n      <h1 class=\"h2\">\n        <span class=\"title\" style=\"opacity: 0\">Museum Exhibits Split<\/span>\n      <\/h1>\n      <div class=\"hero__bottom\">\n        <p style=\"opacity: 0;\">Discover a brilliant collection of perspective-changing rooms, enthralling installations, and spellbinding images. Our exhibits will teach you that nothing is ever quite as it seems, especially in the Split Museum of Illusions. Get ready to be mesmerized!<\/p>\n                  <a class=\"scroll-down\" href=\"#cta\" style=\"opacity: 0;\" aria-label=\"Scroll down\">\n            <svg class=\"icon\" xmlns=\"http:\/\/www.w3.org\/2000\/svg\" fill=\"none\" viewBox=\"0 0 43 43\">\n  <circle cx=\"21.372\" cy=\"21.372\" r=\"20.762\" stroke=\"#333\" stroke-width=\"1.221\"><\/circle>\n  <path class=\"a a--1\" d=\"m25 14-3.5 3.178L18 14\"><\/path>\n  <path class=\"a a--2\" d=\"m25 18.944-3.5 3.178-3.5-3.178\"><\/path>\n  <path class=\"a a--3\"  d=\"m25 23.888-3.5 3.178-3.5-3.178\"><\/path>\n<\/svg>            <span>Scroll down<\/span>\n          <\/a>\n              <\/div>\n    <\/div>\n  <\/section>\n\n<script>\n  window.delay = 0<\/script>\n\n\n<section class=\"exhibits\">\n  <div class=\"c\">\n    <div class=\"exhibits__items\">\n      <ul>\n                  <li class=\"exhibit exhibit--0\" data-id=\"0\">\n            \n<article class=\"exhibit-card\">\n  <div class=\"exhibit-card__col\">\n    <div class=\"image-holder\">\n      <a href=\"https:\/\/split.muzejiluzija.com\/en\/exhibit\/illusion-rooms\/\" class=\"image image--style-1\"\n        data-repetition\n        data-repetition-elems=\"4\"\n        data-repetition-stagger=\"-0.15\"\n        data-repetition-initial-scale=\"1.5\"\n        data-src=\"https:\/\/split.muzejiluzija.com\/wp-content\/uploads\/2022\/09\/illusion-rooms-featured-image-exhibits-list-moi-split-1600x900-1.jpg\" >\n      <\/a>\n    <\/div>\n    <h2 class=\"h3\">Illusion Rooms<\/h2>\n\n          <p>Immerse yourself into the fascinating world of illusions and let our captivating rooms play tricks on your mind!<\/p>\n    \n    <a href=\"https:\/\/split.muzejiluzija.com\/en\/exhibit\/illusion-rooms\/\" class=\"btn btn--m\">Explore Illusion Rooms<\/a>\n  <\/div>\n<\/article>\n\n          <\/li>\n                  <li class=\"exhibit exhibit--1\" data-id=\"1\">\n            \n<article class=\"exhibit-card\">\n  <div class=\"exhibit-card__col\">\n    <div class=\"image-holder\">\n      <a href=\"https:\/\/split.muzejiluzija.com\/en\/exhibit\/installations\/\" class=\"image image--style-1\"\n        data-repetition\n        data-repetition-elems=\"4\"\n        data-repetition-stagger=\"-0.15\"\n        data-repetition-initial-scale=\"1.5\"\n        data-src=\"https:\/\/split.muzejiluzija.com\/wp-content\/uploads\/2022\/09\/installations-featured-image-exhibits-list-moi-split-1600x900-1.jpg\" >\n      <\/a>\n    <\/div>\n    <h2 class=\"h3\">Installations<\/h2>\n\n          <p>Engage in astonishing and mind-bending installations that will shock your senses and puzzle your perceptions! Experience the unbelievable!<\/p>\n    \n    <a href=\"https:\/\/split.muzejiluzija.com\/en\/exhibit\/installations\/\" class=\"btn btn--m\">Explore Installations<\/a>\n  <\/div>\n<\/article>\n\n          <\/li>\n                  <li class=\"exhibit exhibit--2\" data-id=\"2\">\n            \n<article class=\"exhibit-card\">\n  <div class=\"exhibit-card__col\">\n    <div class=\"image-holder\">\n      <a href=\"https:\/\/split.muzejiluzija.com\/en\/exhibit\/images\/\" class=\"image image--style-1\"\n        data-repetition\n        data-repetition-elems=\"4\"\n        data-repetition-stagger=\"-0.15\"\n        data-repetition-initial-scale=\"1.5\"\n        data-src=\"https:\/\/split.muzejiluzija.com\/wp-content\/uploads\/2022\/09\/images-featured-image-exhibits-list-moi-split-1600x900-1.jpg\" >\n      <\/a>\n    <\/div>\n    <h2 class=\"h3\">Images<\/h2>\n\n          <p>Learn the difference between what you see and what you think you see. Watch out for our mind-boggling holograms and optical illusions!<\/p>\n    \n    <a href=\"https:\/\/split.muzejiluzija.com\/en\/exhibit\/images\/\" class=\"btn btn--m\">Explore Images<\/a>\n  <\/div>\n<\/article>\n\n          <\/li>\n              <\/ul>\n    <\/div>\n\n  <\/div>\n<\/section>\n\n\n<section class=\"cta cta--light \" data-hash=\"cta\" style=\"opacity: 0;\">\n   \n    <div class=\"marquee\">\n      <h2>ENTER THE FASCINATING WORLD OF ILLUSIONS! ENTER THE FASCINATING WORLD OF ILLUSIONS!<\/h2>\n    <\/div>\n\n      \n  \n    <a href=\"https:\/\/split.muzejiluzija.com\/en\/buy-tickets\/\" class=\"btn btn--l\">Buy tickets<\/a>\n  <\/section>\n\n\n\n    \n\n<footer id=\"footer\" class=\"footer\">\n    <div id=\"footer-menu\" class=\"footer-menu\">\n  <div class=\"c\">\n    <div class=\"footer-menu__left\">\n      <div class=\"logo\">\n        <a href=\"\/\" aria-label=\"Museum of Illusions Split\">\n          <img decoding=\"async\" loading=\"lazy\" src=\"https:\/\/split.muzejiluzija.com\/wp-content\/uploads\/2024\/05\/Vector-1.png\" width=\"1\" height=\"1\" alt=\"vector\" title=\"\">\n        <\/a>\n      <\/div>\n      <p class=\"small\">Enter the fascinating world of illusions where nothing is ever quite as it seems. Visit us at Museum of Illusions Split and experience the unbelievable!<\/p>\n      <ul class=\"contact-info\">\n        <li><a href=\"https:\/\/www.google.com\/maps\/place\/Muzej+iluzija\/@43.510838,16.4373234,17z\/data=!3m1!4b1!4m6!3m5!1s0x13355d4545625ceb:0xad9bbb719928363a!8m2!3d43.510838!4d16.4395121!16s%2Fg%2F11j903yh84?entry=ttu\" target=\"_blank\" rel=\"nofollow noopener\" class=\"ll ll--g tiny\">Ulica Andrije Ka\u010di\u0107a Mio\u0161i\u0107a 2, 21000 Split, Hrvatska<\/a><\/li>\n        <li><a href=\"mailto:\" target=\"_blank\" rel=\"noreferrer\" class=\"ll ll--g tiny\"><\/a><\/li>\n                          <li><a href=\"tel: 385-21-480-014\" target=\"_blank\" rel=\"noreferrer\"\n          class=\"ll ll--g tiny phone\">385-21-480-014<\/a><\/li>\n                      <\/ul>\n      <p class=\"h6\">Share your experience<\/p>\n      <ul class=\"social\">\n                  <li><a href=\"https:\/\/www.instagram.com\/mi_split\/\" target=\"_blank\" aria-label=\"MOI Instagram\" rel=\"nofollow noopener\"><svg class=\"icon\" xmlns=\"http:\/\/www.w3.org\/2000\/svg\" fill=\"none\" viewBox=\"0 0 17 16\">\n  <g fill=\"#fff\" clip-path=\"url(#i)\">\n    <path d=\"M12.135 1h-6.43A3.79 3.79 0 0 0 1.92 4.785v6.435A3.79 3.79 0 0 0 5.705 15h6.435a3.79 3.79 0 0 0 3.785-3.785v-6.43A3.797 3.797 0 0 0 12.135 1Zm2.656 10.215a2.655 2.655 0 0 1-2.651 2.651H5.705a2.655 2.655 0 0 1-2.651-2.65V4.784a2.655 2.655 0 0 1 2.65-2.651h6.436c1.46 0 2.65 1.19 2.65 2.65v6.431Z\"><\/path>\n    <path d=\"M12.051 7.51a3.104 3.104 0 0 0-.887-1.76 3.133 3.133 0 0 0-2.678-.886 3.1 3.1 0 0 0-2.063 1.237 3.124 3.124 0 0 0-.583 2.328c.121.831.56 1.564 1.236 2.063a3.111 3.111 0 0 0 2.329.588 3.103 3.103 0 0 0 2.063-1.237 3.114 3.114 0 0 0 .583-2.333Zm-2.81 2.45a1.993 1.993 0 0 1-1.488-.373 1.998 1.998 0 0 1-.789-1.32 1.995 1.995 0 0 1 .374-1.49 1.995 1.995 0 0 1 1.32-.788 2.08 2.08 0 0 1 .294-.024c.098 0 .196.01.294.024a2 2 0 0 1 1.694 1.694A2.02 2.02 0 0 1 9.242 9.96Zm3.618-5.899a.565.565 0 0 0-.402-.163.58.58 0 0 0-.401.163.565.565 0 0 0-.163.402c0 .149.06.294.163.4a.565.565 0 0 0 .401.164c.15 0 .294-.06.402-.163a.565.565 0 0 0 .163-.401.546.546 0 0 0-.163-.402Z\"><\/path>\n  <\/g>\n  <!-- <defs>\n    <clipPath id=\"i\">\n      <path fill=\"#fff\" d=\"M0 0h14v14H0z\" transform=\"translate(1.92 1)\"><\/path>\n    <\/clipPath>\n  <\/defs> -->\n<\/svg><\/a><\/li>\n                          <li><a href=\"https:\/\/www.facebook.com\/MuzejIluzijaSplit\/\" target=\"_blank\" aria-label=\"MOI Facebook\" rel=\"nofollow noopener\"><svg class=\"icon\" xmlns=\"http:\/\/www.w3.org\/2000\/svg\" fill=\"none\" viewBox=\"0 0 17 16\">\n  <path d=\"M5.146 8.456H6.68v6.318c0 .125.101.226.226.226h2.602a.226.226 0 0 0 .226-.226V8.486h1.764a.226.226 0 0 0 .225-.2l.267-2.326a.226.226 0 0 0-.224-.251H9.734V4.25c0-.44.237-.663.704-.663h1.328a.226.226 0 0 0 .226-.226V1.227a.226.226 0 0 0-.226-.225h-1.83L9.85 1c-.317 0-1.422.062-2.294.865-.967.89-.832 1.954-.8 2.139v1.705h-1.61a.226.226 0 0 0-.226.225v2.297c0 .124.101.225.226.225Z\"><\/path>\n<\/svg>\n<\/a><\/li>\n                                      <\/ul>\n                        <\/div>\n    <div class=\"footer-menu__right\">\n          <nav class=\"footer-1\" >\n      <ul>\n        \n<li >\n      <a href=\"\/contact-us\/\" \n      class=\"h6 ll ll--g\"            aria-label=\"Kako nas prona\u0107i\">\n              <span>Kako nas prona\u0107i<\/span>\n    <\/a>\n  \n  \n<\/li>\n<li >\n      <a href=\"https:\/\/split.muzejiluzija.com\/kupi-karte\/\" class=\"h6 ll ll--g\" aria-label=\"Kupi karte\">\n              <span>Kupi karte<\/span>\n    <\/a>\n  \n  \n<\/li>\n<li >\n      <a href=\"\/contact-us\/#ticket-prices\" \n      class=\"h6 ll ll--g\"            aria-label=\"Cijene karata\">\n              <span>Cijene karata<\/span>\n    <\/a>\n  \n  \n<\/li>      <\/ul>\n    <\/nav>\n            <nav class=\"footer-2\" >\n      <ul>\n        \n<li >\n      <a href=\"https:\/\/split.muzejiluzija.com\/eksponati\/\" class=\"ll ll--g\" aria-label=\"Exhibits\">\n              <span>Exhibits<\/span>\n    <\/a>\n  \n  \n<\/li>\n<li >\n      <a href=\"https:\/\/split.muzejiluzija.com\/eventi\/\" class=\"ll ll--g\" aria-label=\"Event venue\">\n              <span>Event venue<\/span>\n    <\/a>\n  \n  \n<\/li>\n<li >\n      <a href=\"https:\/\/split.muzejiluzija.com\/grupne-posjete\/\" class=\"ll ll--g\" aria-label=\"Group Visits\">\n              <span>Group Visits<\/span>\n    <\/a>\n  \n  \n<\/li>\n<li >\n      <a href=\"https:\/\/split.muzejiluzija.com\/faq\/\" class=\"ll ll--g\" aria-label=\"FAQ\">\n              <span>FAQ<\/span>\n    <\/a>\n  \n  \n<\/li>      <\/ul>\n    <\/nav>\n            <nav class=\"footer-3\" >\n      <ul>\n        \n<li >\n      <a href=\"https:\/\/split.muzejiluzija.com\/o-nama\/\" class=\"ll ll--g\" aria-label=\"O nama\">\n              <span>O nama<\/span>\n    <\/a>\n  \n  \n<\/li>\n<li >\n      <a href=\"https:\/\/split.muzejiluzija.com\/accessibility-statement\/\" class=\"ll ll--g\" aria-label=\"Izjava o pristupa\u010dnosti\">\n              <span>Izjava o pristupa\u010dnosti<\/span>\n    <\/a>\n  \n  \n<\/li>      <\/ul>\n    <\/nav>\n        <p class=\"h6\">Share your experience<\/p>\n      <ul class=\"social\">\n                  <li><a href=\"https:\/\/www.instagram.com\/mi_split\/\" target=\"_blank\" aria-label=\"MOI Instagram\" rel=\"nofollow noopener\"><svg class=\"icon\" xmlns=\"http:\/\/www.w3.org\/2000\/svg\" fill=\"none\" viewBox=\"0 0 17 16\">\n  <g fill=\"#fff\" clip-path=\"url(#i)\">\n    <path d=\"M12.135 1h-6.43A3.79 3.79 0 0 0 1.92 4.785v6.435A3.79 3.79 0 0 0 5.705 15h6.435a3.79 3.79 0 0 0 3.785-3.785v-6.43A3.797 3.797 0 0 0 12.135 1Zm2.656 10.215a2.655 2.655 0 0 1-2.651 2.651H5.705a2.655 2.655 0 0 1-2.651-2.65V4.784a2.655 2.655 0 0 1 2.65-2.651h6.436c1.46 0 2.65 1.19 2.65 2.65v6.431Z\"><\/path>\n    <path d=\"M12.051 7.51a3.104 3.104 0 0 0-.887-1.76 3.133 3.133 0 0 0-2.678-.886 3.1 3.1 0 0 0-2.063 1.237 3.124 3.124 0 0 0-.583 2.328c.121.831.56 1.564 1.236 2.063a3.111 3.111 0 0 0 2.329.588 3.103 3.103 0 0 0 2.063-1.237 3.114 3.114 0 0 0 .583-2.333Zm-2.81 2.45a1.993 1.993 0 0 1-1.488-.373 1.998 1.998 0 0 1-.789-1.32 1.995 1.995 0 0 1 .374-1.49 1.995 1.995 0 0 1 1.32-.788 2.08 2.08 0 0 1 .294-.024c.098 0 .196.01.294.024a2 2 0 0 1 1.694 1.694A2.02 2.02 0 0 1 9.242 9.96Zm3.618-5.899a.565.565 0 0 0-.402-.163.58.58 0 0 0-.401.163.565.565 0 0 0-.163.402c0 .149.06.294.163.4a.565.565 0 0 0 .401.164c.15 0 .294-.06.402-.163a.565.565 0 0 0 .163-.401.546.546 0 0 0-.163-.402Z\"><\/path>\n  <\/g>\n  <!-- <defs>\n    <clipPath id=\"i\">\n      <path fill=\"#fff\" d=\"M0 0h14v14H0z\" transform=\"translate(1.92 1)\"><\/path>\n    <\/clipPath>\n  <\/defs> -->\n<\/svg><\/a><\/li>\n                          <li><a href=\"https:\/\/www.facebook.com\/MuzejIluzijaSplit\/\" target=\"_blank\" aria-label=\"MOI Facebook\" rel=\"nofollow noopener\"><svg class=\"icon\" xmlns=\"http:\/\/www.w3.org\/2000\/svg\" fill=\"none\" viewBox=\"0 0 17 16\">\n  <path d=\"M5.146 8.456H6.68v6.318c0 .125.101.226.226.226h2.602a.226.226 0 0 0 .226-.226V8.486h1.764a.226.226 0 0 0 .225-.2l.267-2.326a.226.226 0 0 0-.224-.251H9.734V4.25c0-.44.237-.663.704-.663h1.328a.226.226 0 0 0 .226-.226V1.227a.226.226 0 0 0-.226-.225h-1.83L9.85 1c-.317 0-1.422.062-2.294.865-.967.89-.832 1.954-.8 2.139v1.705h-1.61a.226.226 0 0 0-.226.225v2.297c0 .124.101.225.226.225Z\"><\/path>\n<\/svg>\n<\/a><\/li>\n                                      <\/ul>\n            <div class=\"group\">\n                <ul>\n                  <\/ul>\n                <p>This museum is part of the global   <a href=\"https:\/\/www.museumofillusions.com\/\" target=\"_blank\" rel=\"nofollow noopener\"><strong>Museum of Illusions group.<\/strong><\/a><\/p>\n      <\/div>\n    <\/div>\n  <\/div>\n<\/div>\n\n<div class=\"footer-copyright\">\n  <div class=\"c\">\n    <div class=\"footer-copyright__left\">\n      <p>Copyright \u00a9 2022-2026 Museum of Illusions | All Rights Reserved<\/p>\n    <\/div>\n\n    <ul class=\"footer-copyright__right\">\n      <li class=\"cookies\">\n                  <a href=\"#\" data-href=\"#moove_gdpr_cookie_modal\">Cookie Settings<\/a>\n              <\/li>\n      <li  class=\"privacy-policy\">\n            <nav class=\"footer-copyright__right__items\" >\n      <ul>\n        \n<li >\n      <a href=\"https:\/\/split.muzejiluzija.com\/uvjeti-koristenja\/\" aria-label=\"Terms and Conditions\">\n              <span>Terms and Conditions<\/span>\n    <\/a>\n  \n  \n<\/li>\n<li >\n      <a href=\"https:\/\/split.muzejiluzija.com\/politika-privatnosti\/\" aria-label=\"Privacy Policy\">\n              <span>Privacy Policy<\/span>\n    <\/a>\n  \n  \n<\/li>      <\/ul>\n    <\/nav>\n        <\/li>\n      <li><a href=\"https:\/\/builtt.io\/\" target=\"_blank\" rel=\"nofollow noopener\">Powered by <svg class=\"icon\" xmlns=\"http:\/\/www.w3.org\/2000\/svg\" width=\"13\" height=\"17\" fill=\"none\"><path fill=\"#F4F3EF\" \nd=\"M1.594 2.484v.125h.176v-.125h-.176Zm8.21 6.424v-.039c1.145-.388 2.154-1.184 2.154-2.892 0-2.212-1.67-3.493-4.522-3.493H3.728v1.844h3.805c1.455 \n0 2.192.738 2.192 1.96 0 1.243-.6 1.96-2.348 1.96H3.73v-3.92H1.594v10.19h2.134v-4.58H7.92c1.456 0 2.349.834 2.349 2.29 0 1.3-.583 2.29-2.64 2.29H3.728v1.843h4.056c2.872 \n0 4.716-1.397 4.716-4.056 0-2.077-1.241-3.144-2.697-3.397Z\"\/><path fill=\"#AF8\" d=\"M2.63.912H.5v2.13h2.13V.913Z\"\/><\/svg><\/a><\/li>\n    <\/ul>\n\n    <a class=\"degordian\" href=\"https:\/\/builtt.io\/\" target=\"_blank\" rel=\"nofollow noopener\">Powered by <svg class=\"icon\" xmlns=\"http:\/\/www.w3.org\/2000\/svg\" width=\"13\" height=\"17\" fill=\"none\"><path fill=\"#F4F3EF\" \nd=\"M1.594 2.484v.125h.176v-.125h-.176Zm8.21 6.424v-.039c1.145-.388 2.154-1.184 2.154-2.892 0-2.212-1.67-3.493-4.522-3.493H3.728v1.844h3.805c1.455 \n0 2.192.738 2.192 1.96 0 1.243-.6 1.96-2.348 1.96H3.73v-3.92H1.594v10.19h2.134v-4.58H7.92c1.456 0 2.349.834 2.349 2.29 0 1.3-.583 2.29-2.64 2.29H3.728v1.843h4.056c2.872 \n0 4.716-1.397 4.716-4.056 0-2.077-1.241-3.144-2.697-3.397Z\"\/><path fill=\"#AF8\" d=\"M2.63.912H.5v2.13h2.13V.913Z\"\/><\/svg><\/a>\n<\/div><\/footer>\n","protected":false},"excerpt":{"rendered":"","protected":false},"author":1,"featured_media":0,"parent":0,"menu_order":0,"comment_status":"closed","ping_status":"closed","template":"","meta":{"_acf_changed":false,"footnotes":""},"class_list":["post-1796","page","type-page","status-publish","hentry"],"acf":[],"_links":{"self":[{"href":"https:\/\/split.muzejiluzija.com\/en\/wp-json\/wp\/v2\/pages\/1796","targetHints":{"allow":["GET"]}}],"collection":[{"href":"https:\/\/split.muzejiluzija.com\/en\/wp-json\/wp\/v2\/pages"}],"about":[{"href":"https:\/\/split.muzejiluzija.com\/en\/wp-json\/wp\/v2\/types\/page"}],"author":[{"embeddable":true,"href":"https:\/\/split.muzejiluzija.com\/en\/wp-json\/wp\/v2\/users\/1"}],"replies":[{"embeddable":true,"href":"https:\/\/split.muzejiluzija.com\/en\/wp-json\/wp\/v2\/comments?post=1796"}],"version-history":[{"count":0,"href":"https:\/\/split.muzejiluzija.com\/en\/wp-json\/wp\/v2\/pages\/1796\/revisions"}],"wp:attachment":[{"href":"https:\/\/split.muzejiluzija.com\/en\/wp-json\/wp\/v2\/media?parent=1796"}],"curies":[{"name":"wp","href":"https:\/\/api.w.org\/{rel}","templated":true}]}}